{"id":1002,"date":"2023-11-29T10:00:15","date_gmt":"2023-11-29T10:00:15","guid":{"rendered":"https:\/\/fondsconcept.e1dev.net\/?page_id=1002"},"modified":"2023-11-29T10:04:36","modified_gmt":"2023-11-29T10:04:36","slug":"impressum","status":"publish","type":"page","link":"https:\/\/fondsconcept.de\/en\/impressum\/","title":{"rendered":"Imprint"},"content":{"rendered":"<div data-elementor-type=\"wp-page\" data-elementor-id=\"1002\" class=\"elementor elementor-1002\" data-elementor-post-type=\"page\">\n\t\t\t\t\t\t<section class=\"elementor-section elementor-top-section elementor-element elementor-element-9ab8115 elementor-section-height-min-height elementor-section-boxed elementor-section-height-default elementor-section-items-middle\" data-id=\"9ab8115\" data-element_type=\"section\" data-e-type=\"section\" data-settings=\"{&quot;background_background&quot;:&quot;classic&quot;}\">\n\t\t\t\t\t\t\t<div class=\"elementor-background-overlay\"><\/div>\n\t\t\t\t\t\t\t<div class=\"elementor-container elementor-column-gap-default\">\n\t\t\t\t\t<div class=\"elementor-column elementor-col-100 elementor-top-column elementor-element elementor-element-7b181b0\" data-id=\"7b181b0\" data-element_type=\"column\" data-e-type=\"column\">\n\t\t\t<div class=\"elementor-widget-wrap elementor-element-populated\">\n\t\t\t\t\t\t<div class=\"elementor-element elementor-element-7f13b33 elementor-widget elementor-widget-heading\" data-id=\"7f13b33\" data-element_type=\"widget\" data-e-type=\"widget\" data-widget_type=\"heading.default\">\n\t\t\t\t<div class=\"elementor-widget-container\">\n\t\t\t\t\t<h2 class=\"elementor-heading-title elementor-size-default\">IMPRINT<\/h2>\t\t\t\t<\/div>\n\t\t\t\t<\/div>\n\t\t\t\t\t<\/div>\n\t\t<\/div>\n\t\t\t\t\t<\/div>\n\t\t<\/section>\n\t\t\t\t<section class=\"elementor-section elementor-top-section elementor-element elementor-element-f9bd76f elementor-section-boxed elementor-section-height-default elementor-section-height-default\" data-id=\"f9bd76f\" data-element_type=\"section\" data-e-type=\"section\">\n\t\t\t\t\t\t<div class=\"elementor-container elementor-column-gap-default\">\n\t\t\t\t\t<div class=\"elementor-column elementor-col-100 elementor-top-column elementor-element elementor-element-509940a\" data-id=\"509940a\" data-element_type=\"column\" data-e-type=\"column\">\n\t\t\t<div class=\"elementor-widget-wrap elementor-element-populated\">\n\t\t\t\t\t\t<div class=\"elementor-element elementor-element-8b5ecc4 elementor-widget elementor-widget-text-editor\" data-id=\"8b5ecc4\" data-element_type=\"widget\" data-e-type=\"widget\" data-widget_type=\"text-editor.default\">\n\t\t\t\t<div class=\"elementor-widget-container\">\n\t\t\t\t\t\t\t\t\t<p>IMPRINT INFORMATION ACCORDING TO \u00a7 5 TMG AND \u00a7 55 PARA. 2 RSTV<\/p><p>I.D. FondsConcept GmbH<br \/>Rudower Str. 3<br \/>12529 Sch\u00f6nefeld<\/p><p>E-Mail: info@fondsconcept.de<br \/>Registered office of the company: Sch\u00f6nefeld<br \/>Managing Director: Markus Schaale<\/p><p>Competent court: Amtsgericht Cottbus<br \/>Commercial register: HRB 14037 CB<\/p><p>\u00a0<\/p><h4>DISCLAIMER<\/h4><ol><li><strong>Liability for Content<\/strong><\/li><\/ol><p>The contents of our pages have been created with the utmost care. However, we cannot guarantee the accuracy, completeness, and timeliness of the content. As a service provider, we are responsible according to \u00a7 7 para.1 TMG for our own content on these pages under general laws. According to \u00a7\u00a7 8 to 10 TMG, however, we as a service provider are not obliged to monitor transmitted or stored third-party information or to investigate circumstances that indicate illegal activity. Obligations to remove or block the use of information under general laws remain unaffected by this. However, liability in this regard is only possible from the moment of knowledge of a specific infringement. Upon notification of corresponding violations, we will remove this content immediately.<\/p><p><strong>Liability for Links<\/strong><\/p><p>Our offer may contain links to external websites of third parties, over whose contents we have no influence. Therefore, we cannot assume any liability for these external contents. The respective provider or operator of the pages is always responsible for the contents of the linked pages. The linked pages were checked for possible legal violations at the time of linking. Illegal content was not recognizable at the time of linking. However, a permanent content control of the linked pages is not reasonable without concrete evidence of a violation of the law. Upon notification of violations, we will remove such links immediately.<\/p><p><strong>Copyright<\/strong><\/p><p>The content and works created by the site operators on these pages are subject to German copyright law. The reproduction, editing, distribution, and any kind of exploitation outside the limits of copyright law require the written consent of the respective author or creator. Downloads and copies of this page are only permitted for private, non-commercial use. Insofar as the content on this page was not created by the operator, the copyrights of third parties are respected. In particular, third-party content is marked as such. If you nevertheless become aware of a copyright infringement, we ask for a corresponding notice. Upon notification of legal violations, we will remove such content immediately.<\/p>\t\t\t\t\t\t\t\t<\/div>\n\t\t\t\t<\/div>\n\t\t\t\t\t<\/div>\n\t\t<\/div>\n\t\t\t\t\t<\/div>\n\t\t<\/section>\n\t\t\t\t<\/div>","protected":false},"excerpt":{"rendered":"<p>IMPRESSUM ANGABEN GEM\u00c4SS \u00a7 5 TMG UND \u00a7 55 ABS. 2 RSTV I.D. FondsConcept GmbHRudower Str. 312529 Sch\u00f6nefeld E-Mail: info@fondsconcept.deSitz der Gesellschaft: Sch\u00f6nefeldGesch\u00e4ftsf\u00fchrer: Markus Schaale Zust\u00e4ndiges Gericht: Amtsgericht CottbusHandelsregister: HRB 14037 CB \u00a0 HAFTUNGSAUSSCHLUSS Haftung f\u00fcr Inhalte Die Inhalte unserer Seiten wurden mit gr\u00f6\u00dfter Sorgfalt erstellt. F\u00fcr die Richtigkeit, Vollst\u00e4ndigkeit und Aktualit\u00e4t der Inhalte k\u00f6nnen [&hellip;]<\/p>\n","protected":false},"author":1,"featured_media":0,"parent":0,"menu_order":0,"comment_status":"closed","ping_status":"closed","template":"elementor_header_footer","meta":{"footnotes":""},"class_list":["post-1002","page","type-page","status-publish","hentry"],"_links":{"self":[{"href":"https:\/\/fondsconcept.de\/en\/wp-json\/wp\/v2\/pages\/1002","targetHints":{"allow":["GET"]}}],"collection":[{"href":"https:\/\/fondsconcept.de\/en\/wp-json\/wp\/v2\/pages"}],"about":[{"href":"https:\/\/fondsconcept.de\/en\/wp-json\/wp\/v2\/types\/page"}],"author":[{"embeddable":true,"href":"https:\/\/fondsconcept.de\/en\/wp-json\/wp\/v2\/users\/1"}],"replies":[{"embeddable":true,"href":"https:\/\/fondsconcept.de\/en\/wp-json\/wp\/v2\/comments?post=1002"}],"version-history":[{"count":10,"href":"https:\/\/fondsconcept.de\/en\/wp-json\/wp\/v2\/pages\/1002\/revisions"}],"predecessor-version":[{"id":1016,"href":"https:\/\/fondsconcept.de\/en\/wp-json\/wp\/v2\/pages\/1002\/revisions\/1016"}],"wp:attachment":[{"href":"https:\/\/fondsconcept.de\/en\/wp-json\/wp\/v2\/media?parent=1002"}],"curies":[{"name":"wp","href":"https:\/\/api.w.org\/{rel}","templated":true}]}}