{"id":992,"date":"2023-11-29T09:42:20","date_gmt":"2023-11-29T09:42:20","guid":{"rendered":"https:\/\/fondsconcept.e1dev.net\/?page_id=992"},"modified":"2023-12-01T07:05:37","modified_gmt":"2023-12-01T07:05:37","slug":"datenschutzhinweise","status":"publish","type":"page","link":"https:\/\/fondsconcept.de\/en\/datenschutzhinweise\/","title":{"rendered":"DATA PROTECTION INFORMATION"},"content":{"rendered":"<div data-elementor-type=\"wp-page\" data-elementor-id=\"992\" class=\"elementor elementor-992\" data-elementor-post-type=\"page\">\n\t\t\t\t\t\t<section class=\"elementor-section elementor-top-section elementor-element elementor-element-c1a24fd elementor-section-height-min-height elementor-section-boxed elementor-section-height-default elementor-section-items-middle\" data-id=\"c1a24fd\" data-element_type=\"section\" data-e-type=\"section\" data-settings=\"{&quot;background_background&quot;:&quot;classic&quot;}\">\n\t\t\t\t\t\t\t<div class=\"elementor-background-overlay\"><\/div>\n\t\t\t\t\t\t\t<div class=\"elementor-container elementor-column-gap-default\">\n\t\t\t\t\t<div class=\"elementor-column elementor-col-100 elementor-top-column elementor-element elementor-element-defb85a\" data-id=\"defb85a\" data-element_type=\"column\" data-e-type=\"column\">\n\t\t\t<div class=\"elementor-widget-wrap elementor-element-populated\">\n\t\t\t\t\t\t<div class=\"elementor-element elementor-element-7aceb34 elementor-widget elementor-widget-heading\" data-id=\"7aceb34\" data-element_type=\"widget\" data-e-type=\"widget\" data-widget_type=\"heading.default\">\n\t\t\t\t<div class=\"elementor-widget-container\">\n\t\t\t\t\t<h2 class=\"elementor-heading-title elementor-size-default\">DATA PROTECTION INFORMATION<\/h2>\t\t\t\t<\/div>\n\t\t\t\t<\/div>\n\t\t\t\t\t<\/div>\n\t\t<\/div>\n\t\t\t\t\t<\/div>\n\t\t<\/section>\n\t\t\t\t<section class=\"elementor-section elementor-top-section elementor-element elementor-element-25cbed4 elementor-section-boxed elementor-section-height-default elementor-section-height-default\" data-id=\"25cbed4\" data-element_type=\"section\" data-e-type=\"section\">\n\t\t\t\t\t\t<div class=\"elementor-container elementor-column-gap-default\">\n\t\t\t\t\t<div class=\"elementor-column elementor-col-100 elementor-top-column elementor-element elementor-element-649e23f\" data-id=\"649e23f\" data-element_type=\"column\" data-e-type=\"column\">\n\t\t\t<div class=\"elementor-widget-wrap elementor-element-populated\">\n\t\t\t\t\t\t<div class=\"elementor-element elementor-element-31f4cc5 elementor-widget elementor-widget-text-editor\" data-id=\"31f4cc5\" data-element_type=\"widget\" data-e-type=\"widget\" data-widget_type=\"text-editor.default\">\n\t\t\t\t<div class=\"elementor-widget-container\">\n\t\t\t\t\t\t\t\t\t<p>Information on the processing of your data in accordance with Art. 13 of the General Data Protection Regulation (GDPR)<\/p><ol><li><strong><u> Controller and Data Protection Officer<\/u><\/strong><\/li><\/ol><p>Responsible for this website is<\/p><p>I.D. FondsConcept GmbH, <a href=\"mailto:info@fondsconcept.de\">info@fondsconcept.de<\/a><\/p><p>You can contact the data protection officer at the following address:<\/p><p>I.D. FondsConcept GmbH, Data Protection Officer, Rudower Str. 3, 12529 Sch\u00f6nefeld, Germany<\/p><p>\u00a0<\/p><ol start=\"2\"><li><strong><u> Data processed for the provision of the website and the creation of log files are processed <\/u><\/strong><strong><u>Protokolldateien verarbeitet werden<\/u><\/strong><\/li><\/ol><ul><li style=\"list-style-type: none;\"><ul><li><strong> What data is processed for what purpose?<\/strong><\/li><\/ul><\/li><\/ul><p>Every time the content of the website is accessed, data is temporarily stored that possibly allow identification. The following data may be collected:<\/p><p>- Date and time of access<\/p><p>- IP address<\/p><p>- Host name of the accessing computer<\/p><p>- Website from which the website was accessed<\/p><p>- Websites accessed via the website<\/p><p>- Visited page on our website<\/p><p>- Message as to whether the retrieval was successful<\/p><p>- Amount of data transferred<\/p><p>- Information about the browser type and version used<\/p><p>- Operating system<\/p><p>The temporary storage of the data is necessary for the course of a website visit necessary to enable delivery of the website. A further storage in log files takes place in order to ensure the functionality of the website and the security of the information technology systems. These purposes our legitimate interest in data processing.<\/p><ul><li style=\"list-style-type: none;\"><ul><li><strong> On what legal basis is this data processed?<\/strong><\/li><\/ul><\/li><\/ul><p>The data is processed on the basis of Article 6(1)(f) GDPR.<\/p><ul><li style=\"list-style-type: none;\"><ul><li><strong> Are there other recipients of the personal data in addition to the controller?<\/strong><\/li><\/ul><\/li><\/ul><p>The website is hosted by an external service provider. The host receives the above-mentioned data as a processor.<\/p><ul><li style=\"list-style-type: none;\"><ul><li><strong> How long is the data stored?<\/strong><\/li><\/ul><\/li><\/ul><p>The data is deleted as soon as it is no longer required for the purpose for which it was collected. In the case of the provision of the website, this is the case when the respective session has ended. The log files are stored for a maximum of 7 days directly and only accessible to administrators. After that are only indirectly available via the reconstruction of backup tapes and are permanently deleted after a maximum of four months.<\/p><ol start=\"3\"><li><strong><u> Rights of data subjects<\/u><\/strong><\/li><\/ol><ul><li style=\"list-style-type: none;\"><ul><li><strong> Right to information<\/strong><\/li><\/ul><\/li><\/ul><p>In accordance with Art. 15 GDPR, you can request information about your personal data that we process.<\/p><p>verlangen, die wir verarbeiten.<\/p><ol><li style=\"list-style-type: none;\"><ul><li><strong> Right to object<\/strong><\/li><\/ul><\/li><\/ol><p>You have the right to object for specific reasons (see point II).<\/p><ul><li style=\"list-style-type: none;\"><ul><li><strong> Right to rectification<\/strong><\/li><\/ul><\/li><\/ul><p>If the information concerning you is not (or no longer) correct, you can request a correction in accordance with Art.16 GDPR to request rectification. If your data is incomplete, you can request completion.<\/p><ul><li style=\"list-style-type: none;\"><ul><li><strong> Right to erasure<\/strong><\/li><\/ul><\/li><\/ul><p>You can request the erasure of your personal data in accordance with Art. 17 GDPR.<\/p><ul><li style=\"list-style-type: none;\"><ul><li><strong> Right to restriction of processing<\/strong><\/li><\/ul><\/li><\/ul><p>In accordance with Art. 18 GDPR, you have the right to request the restriction of the processing of your personal data.<\/p><ul><li style=\"list-style-type: none;\"><ul><li><strong> Right to lodge a complaint<\/strong><\/li><\/ul><\/li><\/ul><p>If you are of the opinion that the processing of your personal data violates data protection law, you have the right under Art. 77 para. 1 GDPR to lodge a complaint with a data protection supervisory authority of your choice.<\/p><ul><li style=\"list-style-type: none;\"><ul><li><strong> Right to data portability<\/strong><\/li><\/ul><\/li><\/ul><p>In the event that the conditions of Article 20(1) of the GDPR are met, you have the right to have data that we process automatically based on your consent or in fulfillment of a contract handed over to yourself or to a third party. The collection of data for the provision of the website and the storage of log files are essential for the operation of the website. Therefore, they are not based on consent according to Article 6(1)(a) of the GDPR or on a contract according to Article 6(1)(b) of the GDPR, but are justified under Article 6(1)(f) of the GDPR. Therefore, the conditions of Article 20(1) of the GDPR are not met in this respect.<\/p><ol><li><span style=\"text-decoration: underline;\"><strong>Right to object pursuant to Art. 21 (1) GDPR<\/strong><\/span><\/li><\/ol><p>You have the right, for reasons arising from your particular situation, to object at any time to the processing of your personal data, which is carried out on the basis of Article 6(1)(f) of the GDPR. The controller will no longer process the personal data unless they can demonstrate compelling legitimate grounds for the processing which override the interests, rights and freedoms of the data subject, or for the establishment, exercise or defense of legal claims. The collection of data for the provision of the website and the storage of log files are essential for the operation of the website.<\/p>\t\t\t\t\t\t\t\t<\/div>\n\t\t\t\t<\/div>\n\t\t\t\t\t<\/div>\n\t\t<\/div>\n\t\t\t\t\t<\/div>\n\t\t<\/section>\n\t\t\t\t<\/div>","protected":false},"excerpt":{"rendered":"<p>DATENSCHUTZHINWEISE Informationen \u00fcber die Verarbeitung Ihrer Daten gem\u00e4\u00df Art. 13 der Datenschutz-Grundverordnung (DS-GVO) Verantwortlicher und Datenschutzbeauftragter Verantwortlich f\u00fcr diese Website ist I.D. FondsConcept GmbH, info@fondsconcept.de Den Datenschutzbeauftragten erreichen Sie \u00fcber die Adresse I.D. FondsConcept GmbH, Datenschutzbeauftragte:r, Rudower Str. 3, 12529 Sch\u00f6nefeld \u00a0 Daten, die f\u00fcr die Bereitstellung der Website und die Erstellung der Protokolldateien verarbeitet [&hellip;]<\/p>\n","protected":false},"author":1,"featured_media":0,"parent":0,"menu_order":0,"comment_status":"closed","ping_status":"closed","template":"elementor_header_footer","meta":{"footnotes":""},"class_list":["post-992","page","type-page","status-publish","hentry"],"_links":{"self":[{"href":"https:\/\/fondsconcept.de\/en\/wp-json\/wp\/v2\/pages\/992","targetHints":{"allow":["GET"]}}],"collection":[{"href":"https:\/\/fondsconcept.de\/en\/wp-json\/wp\/v2\/pages"}],"about":[{"href":"https:\/\/fondsconcept.de\/en\/wp-json\/wp\/v2\/types\/page"}],"author":[{"embeddable":true,"href":"https:\/\/fondsconcept.de\/en\/wp-json\/wp\/v2\/users\/1"}],"replies":[{"embeddable":true,"href":"https:\/\/fondsconcept.de\/en\/wp-json\/wp\/v2\/comments?post=992"}],"version-history":[{"count":13,"href":"https:\/\/fondsconcept.de\/en\/wp-json\/wp\/v2\/pages\/992\/revisions"}],"predecessor-version":[{"id":1061,"href":"https:\/\/fondsconcept.de\/en\/wp-json\/wp\/v2\/pages\/992\/revisions\/1061"}],"wp:attachment":[{"href":"https:\/\/fondsconcept.de\/en\/wp-json\/wp\/v2\/media?parent=992"}],"curies":[{"name":"wp","href":"https:\/\/api.w.org\/{rel}","templated":true}]}}